{"id":273,"date":"2024-08-22T13:47:06","date_gmt":"2024-08-22T13:47:06","guid":{"rendered":"https:\/\/immediatepath.co\/om-oss\/"},"modified":"2024-09-13T18:40:49","modified_gmt":"2024-09-13T18:40:49","slug":"om-oss","status":"publish","type":"page","link":"https:\/\/immediatepath.co\/sv\/om-oss\/","title":{"rendered":"Om oss"},"content":{"rendered":"\n<div class=\"about-hero wf-section\">\n    <div class=\"container w-container\">\n      <h1 class=\"page-title\">Om Immediate Path<\/h1>\n    <\/div>\n  <\/div>\n  <div class=\"what-is w-clearfix wf-section\">\n    <div class=\"what-is-image-wrapper\"><img decoding=\"async\" src=\"https:\/\/immediatepath.co\/wp-content\/uploads\/2024\/08\/what-is-img.webp\" alt=\"Omedelbar v\u00e4g - Vad \u00e4r den omedelbara v\u00e4gen?\" class=\"what-is-image\"\/><\/div>\n    <div class=\"container w-container\">\n      <h2 class=\"what-is-title\">Vad \u00e4r den omedelbara v\u00e4gen?<\/h2>\n      <div class=\"what-is-text\">Sedan Bitcoin och andra kryptovalutor introducerades p\u00e5 finansmarknaderna har denna revolutionerande nya tillg\u00e5ngsklass sett en exponentiell tillv\u00e4xt.\nDetta har resulterat i att m\u00e5nga tidiga investerare blivit extremt rika.\nSedan Bitcoin sl\u00e4pptes till allm\u00e4nheten i b\u00f6rjan av 2009 har vi sett Bitcoin uppn\u00e5 en fantastisk rekordniv\u00e5 p\u00e5 20 000 USD.\nUnder 2017 steg Bitcoins v\u00e4rde med 958,32%, vilket var mer \u00e4n vad aktier steg med under samma period.   <br\/>\n<br\/>  Lyckligtvis kommer efterfr\u00e5gan p\u00e5 kryptovalutor att \u00f6ka i och med att Bitcoin och andra kryptovalutor kontinuerligt inf\u00f6rs i det vanliga finansiella systemet, vilket kommer att resultera i h\u00f6gre v\u00e4rden.\nD\u00e4rf\u00f6r finns det fortfarande gott om m\u00f6jligheter att g\u00f6ra massiva vinster genom att investera p\u00e5 kryptovalutamarknaderna.\nImmediate Paths banbrytande handelsprogramvara \u00e4r ett effektivt och s\u00e4kert s\u00e4tt att dra nytta av denna enorma m\u00f6jlighet.  <br\/>\n<br\/>  Immediate Path ger dig m\u00f6jlighet att v\u00e4lja mellan mer \u00e4n 100 tillg\u00e5ngar att handla med med hj\u00e4lp av programvarans avancerade algoritm.\nV\u00e5ra automatiserade handelssignaler har vunnit branschomfattande ber\u00f6m och har till och med f\u00e5tt ett pris f\u00f6r b\u00e4sta handelsprogramvara fr\u00e5n US Trading Association. <br\/>\n<br\/>  V\u00e5rt kundtj\u00e4nstteam \u00e4r k\u00e4nt som ett av de b\u00e4sta i branschen.\nV\u00e5ra representanter \u00e4r professionella och \u00e4r mer \u00e4n redo att hitta l\u00f6sningar p\u00e5 eventuella problem som du kan uppleva med Immediate Path. <br\/>\n<br\/>  Med v\u00e5r automatiserade programvara m\u00e5ste du ocks\u00e5 g\u00f6ra v\u00e4ldigt lite arbete f\u00f6r att f\u00e5 konsekventa vinster fr\u00e5n handel med kryptovalutamarknader med Immediate Path-programvaran.\nMed bara 2 musklick kan du st\u00e4lla in applikationen till automatiserat l\u00e4ge.\nDetta inneb\u00e4r att programvaran kommer att b\u00f6rja skanna marknader f\u00f6r l\u00f6nsamma m\u00f6jligheter f\u00f6r aff\u00e4rer n\u00e4r de uppst\u00e5r p\u00e5 kryptovalutamarknaderna.  <\/div>\n      <div class=\"what-is-text\"><\/div>\n      <div class=\"what-is-action_button-wrapper\">\n        <a href=\"#formTop\" class=\"button max-width-330\"><\/a><a href=\"#formTop\">ANM\u00c4L DIG IDAG<\/a>\n      <\/div>\n    <\/div>\n  <\/div>\n  <div class=\"who-we-are w-clearfix wf-section\">\n    <div class=\"who-we-are-image-wrapper\"><img decoding=\"async\" src=\"https:\/\/immediatepath.co\/wp-content\/uploads\/2024\/08\/who-we-are-img.webp\" alt=\"Omedelbar v\u00e4g - Vilka \u00e4r vi?\" class=\"who-we-are-image\"\/><\/div>\n    <div class=\"container w-container\">\n      <h2 class=\"who-we-are-title\">Vilka \u00e4r vi?<\/h2>\n      <div class=\"who-we-are-text\">Teamet bakom Immediate Path-programvaran best\u00e5r av experthandlare som best\u00e4mde sig f\u00f6r att erbjuda allm\u00e4nheten ett handelssystem som skulle g\u00f6ra det m\u00f6jligt f\u00f6r vem som helst att hitta framg\u00e5ng i handeln med Bitcoin och andra kryptovalutor.\nVarje medlem i teamet hade arbetat m\u00e5nga \u00e5r f\u00f6r andra f\u00f6retag och gjort m\u00e5nga andra ganska rika p\u00e5 v\u00e4gen. <br\/>\n<br\/>  Teamet p\u00e5 Immediate Path tr\u00e4ffades n\u00e4r de deltog i en finanskonferens.\nVi ins\u00e5g snabbt att vi alla delade samma begr\u00e4nsningar och frustrationer i v\u00e5rt arbete med andra f\u00f6retag.\nDet var d\u00e4rf\u00f6r vi best\u00e4mde oss f\u00f6r att ta saken i egna h\u00e4nder och kombinera v\u00e5r kunskap och erfarenhet f\u00f6r att skapa en ny banbrytande handelsprogramvara.  <\/div>\n      <div class=\"who-we-are-action_button-wrapper\">\n        <a href=\"#formTop\" class=\"button max-width-330\"><\/a><a href=\"#formTop\">B\u00d6RJA TJ\u00c4NA PENGAR NU<\/a>\n      <\/div>\n    <\/div>\n  <\/div>\n  <div class=\"bg-layer-1\"><\/div>\n\n\n<footer class=\"footer wf-section\">\n    <div class=\"container footer-container w-container\">\n      <a href=\"\/\" class=\"footer-logo-link w-inline-block\"><img decoding=\"async\" src=\"https:\/\/immediatepath.co\/wp-content\/uploads\/2024\/09\/logo-path-footer.png\" alt=\"Omedelbar v\u00e4g - Automatiserad handel\" class=\"footer-logo\"\/><\/a>\n      <div class=\"stretch-block in-footer\"><\/div>\n      <a href=\"https:\/\/immediatepath.co\/sv\/om-oss\/\" class=\"footer-link\"><\/a><a href=\"https:\/\/immediatepath.co\/sv\/om-oss\/\">Om oss<\/a>\n      <a href=\"https:\/\/immediatepath.co\/policy\/\" class=\"footer-link\"><\/a><a href=\"https:\/\/immediatepath.co\/policy\/\">Integritetspolicy<\/a>\n      <a href=\"https:\/\/immediatepath.co\/terms\/\" class=\"footer-link\"><\/a><a href=\"https:\/\/immediatepath.co\/terms\/\">Villkor och anvisningar<\/a>\n      <a href=\"https:\/\/immediatepath.co\/sv\/kontakta-oss\/\" class=\"footer-link\"><\/a><a href=\"https:\/\/immediatepath.co\/sv\/kontakta-oss\/\">Kontakta oss<\/a>\n      <div class=\"copy-year\">2024<\/div>\n    <\/div>\n  <\/footer>\n","protected":false},"excerpt":{"rendered":"<p>Om Immediate Path Vad \u00e4r den omedelbara v\u00e4gen? Sedan Bitcoin och andra kryptovalutor introducerades p\u00e5&hellip;<\/p>\n","protected":false},"author":1,"featured_media":0,"parent":0,"menu_order":0,"comment_status":"closed","ping_status":"closed","template":"","meta":{"_acf_changed":false,"rank_math_lock_modified_date":false,"_monsterinsights_skip_tracking":false,"_monsterinsights_sitenote_active":false,"_monsterinsights_sitenote_note":"","_monsterinsights_sitenote_category":0,"footnotes":""},"class_list":["post-273","page","type-page","status-publish","hentry"],"acf":[],"_links":{"self":[{"href":"https:\/\/immediatepath.co\/sv\/wp-json\/wp\/v2\/pages\/273","targetHints":{"allow":["GET"]}}],"collection":[{"href":"https:\/\/immediatepath.co\/sv\/wp-json\/wp\/v2\/pages"}],"about":[{"href":"https:\/\/immediatepath.co\/sv\/wp-json\/wp\/v2\/types\/page"}],"author":[{"embeddable":true,"href":"https:\/\/immediatepath.co\/sv\/wp-json\/wp\/v2\/users\/1"}],"replies":[{"embeddable":true,"href":"https:\/\/immediatepath.co\/sv\/wp-json\/wp\/v2\/comments?post=273"}],"version-history":[{"count":1,"href":"https:\/\/immediatepath.co\/sv\/wp-json\/wp\/v2\/pages\/273\/revisions"}],"predecessor-version":[{"id":275,"href":"https:\/\/immediatepath.co\/sv\/wp-json\/wp\/v2\/pages\/273\/revisions\/275"}],"wp:attachment":[{"href":"https:\/\/immediatepath.co\/sv\/wp-json\/wp\/v2\/media?parent=273"}],"curies":[{"name":"wp","href":"https:\/\/api.w.org\/{rel}","templated":true}]}}