{"id":281,"date":"2024-08-22T13:47:06","date_gmt":"2024-08-22T13:47:06","guid":{"rendered":"https:\/\/immediatepath.co\/om-oss\/"},"modified":"2024-09-13T18:40:49","modified_gmt":"2024-09-13T18:40:49","slug":"om-oss","status":"publish","type":"page","link":"https:\/\/immediatepath.co\/no\/om-oss\/","title":{"rendered":"Om oss"},"content":{"rendered":"\n<div class=\"about-hero wf-section\">\n    <div class=\"container w-container\">\n      <h1 class=\"page-title\">Om Immediate Path<\/h1>\n    <\/div>\n  <\/div>\n  <div class=\"what-is w-clearfix wf-section\">\n    <div class=\"what-is-image-wrapper\"><img decoding=\"async\" src=\"https:\/\/immediatepath.co\/wp-content\/uploads\/2024\/08\/what-is-img.webp\" alt=\"Umiddelbar sti - Hva er den umiddelbare stien?\" class=\"what-is-image\"\/><\/div>\n    <div class=\"container w-container\">\n      <h2 class=\"what-is-title\">Hva er den umiddelbare veien?<\/h2>\n      <div class=\"what-is-text\">Siden Bitcoin og andre kryptovalutaer ble introdusert p\u00e5 finansmarkedene, har denne revolusjonerende nye aktivaklassen opplevd en eksponentiell vekst.\nDette har resultert i at mange av de f\u00f8rste investorene har blitt ekstremt velst\u00e5ende.\nSiden Bitcoin ble lansert for offentligheten i begynnelsen av 2009, har vi sett Bitcoin oppn\u00e5 en fantastisk rekordh\u00f8y verdi p\u00e5 20 000 dollar.\nI l\u00f8pet av 2017 steg Bitcoins verdi med 958,32 %, noe som overg\u00e5r verdistigningen p\u00e5 aksjer i samme periode.   <br\/>\n<br\/>  Heldigvis vil ettersp\u00f8rselen etter kryptovalutaer \u00f8ke i takt med at Bitcoin og andre kryptovalutaer blir tatt i bruk i det vanlige finanssystemet, noe som vil f\u00f8re til h\u00f8yere verdier.\nDerfor er det fortsatt mange muligheter til \u00e5 tjene store penger p\u00e5 \u00e5 investere i kryptovalutamarkedene.\nImmediate Paths banebrytende handelsprogramvare er en effektiv og trygg m\u00e5te \u00e5 dra nytte av denne enorme muligheten.  <br\/>\n<br\/>  Immediate Path gir deg muligheten til \u00e5 velge mellom mer enn 100 aktiva du kan handle med ved hjelp av programvarens avanserte algoritme.\nV\u00e5re automatiserte handelssignaler har vunnet anerkjennelse i hele bransjen og har til og med f\u00e5tt en pris for beste handelsprogramvare fra US Trading Association. <br\/>\n<br\/>  V\u00e5rt kundeserviceteam er kjent som et av de beste i bransjen.\nV\u00e5re representanter er profesjonelle og er mer enn klare til \u00e5 finne l\u00f8sninger p\u00e5 eventuelle problemer som du m\u00e5tte oppleve med Immediate Path. <br\/>\n<br\/>  Med v\u00e5r automatiserte programvare m\u00e5 du ogs\u00e5 gj\u00f8re veldig lite arbeid for \u00e5 oppn\u00e5 jevn fortjeneste fra handel med kryptovalutamarkeder med Immediate Path-programvaren.\nMed bare to museklikk kan du sette programmet til automatisert modus.\nDette betyr at programvaren vil begynne \u00e5 skanne markeder for l\u00f8nnsomme muligheter for handler n\u00e5r de oppst\u00e5r i kryptovalutamarkedene.  <\/div>\n      <div class=\"what-is-text\"><\/div>\n      <div class=\"what-is-action_button-wrapper\">\n        <a href=\"#formTop\" class=\"button max-width-330\"><\/a><a href=\"#formTop\">REGISTRER DEG I DAG<\/a>\n      <\/div>\n    <\/div>\n  <\/div>\n  <div class=\"who-we-are w-clearfix wf-section\">\n    <div class=\"who-we-are-image-wrapper\"><img decoding=\"async\" src=\"https:\/\/immediatepath.co\/wp-content\/uploads\/2024\/08\/who-we-are-img.webp\" alt=\"Immediate Path - Hvem er vi?\" class=\"who-we-are-image\"\/><\/div>\n    <div class=\"container w-container\">\n      <h2 class=\"who-we-are-title\">Hvem er vi?<\/h2>\n      <div class=\"who-we-are-text\">Teamet bak Immediate Path-programvaren best\u00e5r av eksperthandlere som bestemte seg for \u00e5 tilby publikum et handelssystem som gj\u00f8r det mulig for alle \u00e5 finne suksess i handel med Bitcoin og andre kryptovalutaer.\nHvert medlem av teamet hadde jobbet mange \u00e5r for andre firmaer, og gjort mange andre ganske velst\u00e5ende underveis. <br\/>\n<br\/>  Teamet i Immediate Path m\u00f8tte hverandre da vi deltok p\u00e5 en finanskonferanse.\nVi inns\u00e5 raskt at vi alle delte de samme begrensningene og frustrasjonene i v\u00e5rt arbeid med andre firmaer.\nDerfor bestemte vi oss for \u00e5 ta saken i egne hender og kombinere v\u00e5r kunnskap og erfaring for \u00e5 skape en ny, banebrytende handelsprogramvare.  <\/div>\n      <div class=\"who-we-are-action_button-wrapper\">\n        <a href=\"#formTop\" class=\"button max-width-330\"><\/a><a href=\"#formTop\">BEGYNN \u00c5 TJENE PENGER N\u00c5<\/a>\n      <\/div>\n    <\/div>\n  <\/div>\n  <div class=\"bg-layer-1\"><\/div>\n\n\n<footer class=\"footer wf-section\">\n    <div class=\"container footer-container w-container\">\n      <a href=\"\/\" class=\"footer-logo-link w-inline-block\"><img decoding=\"async\" src=\"https:\/\/immediatepath.co\/wp-content\/uploads\/2024\/09\/logo-path-footer.png\" alt=\"Immediate Path - Automatisert handel\" class=\"footer-logo\"\/><\/a>\n      <div class=\"stretch-block in-footer\"><\/div>\n      <a href=\"https:\/\/immediatepath.co\/no\/om-oss\/\" class=\"footer-link\"><\/a><a href=\"https:\/\/immediatepath.co\/no\/om-oss\/\">Om oss<\/a>\n      <a href=\"https:\/\/immediatepath.co\/policy\/\" class=\"footer-link\"><\/a><a href=\"https:\/\/immediatepath.co\/policy\/\">Retningslinjer for personvern<\/a>\n      <a href=\"https:\/\/immediatepath.co\/terms\/\" class=\"footer-link\"><\/a><a href=\"https:\/\/immediatepath.co\/terms\/\">Vilk\u00e5r og betingelser<\/a>\n      <a href=\"https:\/\/immediatepath.co\/no\/kontakt-oss\/\" class=\"footer-link\"><\/a><a href=\"https:\/\/immediatepath.co\/no\/kontakt-oss\/\">Kontakt oss<\/a>\n      <div class=\"copy-year\">2024<\/div>\n    <\/div>\n  <\/footer>\n","protected":false},"excerpt":{"rendered":"<p>Om Immediate Path Hva er den umiddelbare veien? Siden Bitcoin og andre kryptovalutaer ble introdusert&hellip;<\/p>\n","protected":false},"author":1,"featured_media":0,"parent":0,"menu_order":0,"comment_status":"closed","ping_status":"closed","template":"","meta":{"_acf_changed":false,"rank_math_lock_modified_date":false,"_monsterinsights_skip_tracking":false,"_monsterinsights_sitenote_active":false,"_monsterinsights_sitenote_note":"","_monsterinsights_sitenote_category":0,"footnotes":""},"class_list":["post-281","page","type-page","status-publish","hentry"],"acf":[],"_links":{"self":[{"href":"https:\/\/immediatepath.co\/no\/wp-json\/wp\/v2\/pages\/281","targetHints":{"allow":["GET"]}}],"collection":[{"href":"https:\/\/immediatepath.co\/no\/wp-json\/wp\/v2\/pages"}],"about":[{"href":"https:\/\/immediatepath.co\/no\/wp-json\/wp\/v2\/types\/page"}],"author":[{"embeddable":true,"href":"https:\/\/immediatepath.co\/no\/wp-json\/wp\/v2\/users\/1"}],"replies":[{"embeddable":true,"href":"https:\/\/immediatepath.co\/no\/wp-json\/wp\/v2\/comments?post=281"}],"version-history":[{"count":1,"href":"https:\/\/immediatepath.co\/no\/wp-json\/wp\/v2\/pages\/281\/revisions"}],"predecessor-version":[{"id":282,"href":"https:\/\/immediatepath.co\/no\/wp-json\/wp\/v2\/pages\/281\/revisions\/282"}],"wp:attachment":[{"href":"https:\/\/immediatepath.co\/no\/wp-json\/wp\/v2\/media?parent=281"}],"curies":[{"name":"wp","href":"https:\/\/api.w.org\/{rel}","templated":true}]}}