{"id":270,"date":"2024-08-22T13:47:06","date_gmt":"2024-08-22T13:47:06","guid":{"rendered":"https:\/\/immediatepath.co\/chi-siamo\/"},"modified":"2024-09-13T18:40:48","modified_gmt":"2024-09-13T18:40:48","slug":"chi-siamo","status":"publish","type":"page","link":"https:\/\/immediatepath.co\/it\/chi-siamo\/","title":{"rendered":"Chi siamo"},"content":{"rendered":"\n<div class=\"about-hero wf-section\">\n    <div class=\"container w-container\">\n      <h1 class=\"page-title\">Informazioni sul Percorso Immediato<\/h1>\n    <\/div>\n  <\/div>\n  <div class=\"what-is w-clearfix wf-section\">\n    <div class=\"what-is-image-wrapper\"><img decoding=\"async\" src=\"https:\/\/immediatepath.co\/wp-content\/uploads\/2024\/08\/what-is-img.webp\" alt=\"Percorso immediato - Cos'\u00e8 il Percorso immediato?\" class=\"what-is-image\"\/><\/div>\n    <div class=\"container w-container\">\n      <h2 class=\"what-is-title\">Che cos&#8217;\u00e8 il Percorso Immediato?<\/h2>\n      <div class=\"what-is-text\">Da quando il Bitcoin e le altre criptovalute sono state introdotte nei mercati finanziari, questa nuova e rivoluzionaria classe di attivit\u00e0 ha registrato una crescita esponenziale.\nQuesto ha portato molti dei primi investitori a diventare estremamente ricchi.\nDa quando il Bitcoin \u00e8 stato reso pubblico all&#8217;inizio del 2009, abbiamo visto il Bitcoin raggiungere un incredibile record di 20.000 dollari.\nNel 2017 il valore del Bitcoin si \u00e8 apprezzato del 958,32%, superando l&#8217;apprezzamento delle azioni nello stesso periodo.   <br\/>\n<br\/>  Fortunatamente, con la continua adozione del Bitcoin e di altre criptovalute nel sistema finanziario tradizionale, la domanda di criptovalute aumenter\u00e0 e ci\u00f2 si tradurr\u00e0 in valori pi\u00f9 elevati.\nPertanto, ci sono ancora molte opportunit\u00e0 di ottenere enormi profitti investendo nel mercato delle criptovalute.\nL&#8217;innovativo software di trading di Immediate Path \u00e8 un modo efficace e sicuro per approfittare di questa enorme opportunit\u00e0.  <br\/>\n<br\/>  Immediate Path ti d\u00e0 la possibilit\u00e0 di scegliere tra pi\u00f9 di 100 asset con cui operare grazie all&#8217;algoritmo avanzato del software.\nI nostri segnali di trading automatizzati sono stati acclamati da tutto il settore e hanno persino ottenuto un premio come miglior software di trading dalla US Trading Association. <br\/>\n<br\/>  Il nostro team di assistenza clienti \u00e8 conosciuto come uno dei migliori del settore.\nI nostri rappresentanti sono professionali e sono pi\u00f9 che pronti a trovare soluzioni a qualsiasi problema che tu possa riscontrare con Sentiero Immediato. <br\/>\n<br\/>  Inoltre, con il nostro software automatizzato dovrai fare pochissimo lavoro per ottenere profitti costanti dal trading di criptovalute con il software Sentiero Immediato.\nCon soli 2 clic del mouse puoi impostare l&#8217;applicazione in modalit\u00e0 automatica.\nCi\u00f2 significa che il software inizier\u00e0 a scansionare i mercati alla ricerca di opportunit\u00e0 di trading redditizie quando si presenteranno nei mercati delle criptovalute.  <\/div>\n      <div class=\"what-is-text\"><\/div>\n      <div class=\"what-is-action_button-wrapper\">\n        <a href=\"#formTop\" class=\"button max-width-330\"><\/a><a href=\"#formTop\">ISCRIVITI OGGI<\/a>\n      <\/div>\n    <\/div>\n  <\/div>\n  <div class=\"who-we-are w-clearfix wf-section\">\n    <div class=\"who-we-are-image-wrapper\"><img decoding=\"async\" src=\"https:\/\/immediatepath.co\/wp-content\/uploads\/2024\/08\/who-we-are-img.webp\" alt=\"Percorso immediato - Chi siamo?\" class=\"who-we-are-image\"\/><\/div>\n    <div class=\"container w-container\">\n      <h2 class=\"who-we-are-title\">Chi siamo?<\/h2>\n      <div class=\"who-we-are-text\">Il team che sta dietro al software Immediate Path \u00e8 composto da trader esperti che hanno deciso di offrire al pubblico un sistema di trading che permettesse a chiunque di avere successo nel trading di Bitcoin e altre criptovalute.\nOgni membro del team ha lavorato per molti anni per altre aziende, rendendo molti altri molto ricchi. <br\/>\n<br\/>  Il team di Immediate Path si \u00e8 conosciuto partecipando a una conferenza sulla finanza.\nCi siamo subito resi conto di condividere le stesse limitazioni e frustrazioni nel nostro lavoro con altre aziende.\nPer questo motivo abbiamo deciso di prendere in mano la situazione e di unire le nostre conoscenze ed esperienze per creare un nuovo software di trading all&#8217;avanguardia.  <\/div>\n      <div class=\"who-we-are-action_button-wrapper\">\n        <a href=\"#formTop\" class=\"button max-width-330\"><\/a><a href=\"#formTop\">INIZIA A GUADAGNARE ORA<\/a>\n      <\/div>\n    <\/div>\n  <\/div>\n  <div class=\"bg-layer-1\"><\/div>\n\n\n<footer class=\"footer wf-section\">\n    <div class=\"container footer-container w-container\">\n      <a href=\"\/\" class=\"footer-logo-link w-inline-block\"><img decoding=\"async\" src=\"https:\/\/immediatepath.co\/wp-content\/uploads\/2024\/09\/logo-path-footer.png\" alt=\"Percorso immediato - Trading automatico\" class=\"footer-logo\"\/><\/a>\n      <div class=\"stretch-block in-footer\"><\/div>\n      <a href=\"https:\/\/immediatepath.co\/it\/chi-siamo\/\" class=\"footer-link\"><\/a><a href=\"https:\/\/immediatepath.co\/it\/chi-siamo\/\">Chi siamo<\/a>\n      <a href=\"https:\/\/immediatepath.co\/policy\/\" class=\"footer-link\"><\/a><a href=\"https:\/\/immediatepath.co\/policy\/\">Informativa sulla privacy<\/a>\n      <a href=\"https:\/\/immediatepath.co\/terms\/\" class=\"footer-link\"><\/a><a href=\"https:\/\/immediatepath.co\/terms\/\">Termini e condizioni<\/a>\n      <a href=\"https:\/\/immediatepath.co\/it\/contattaci\/\" class=\"footer-link\"><\/a><a href=\"https:\/\/immediatepath.co\/it\/contattaci\/\">Contattaci<\/a>\n      <div class=\"copy-year\">2024<\/div>\n    <\/div>\n  <\/footer>\n","protected":false},"excerpt":{"rendered":"<p>Informazioni sul Percorso Immediato Che cos&#8217;\u00e8 il Percorso Immediato? Da quando il Bitcoin e le&hellip;<\/p>\n","protected":false},"author":1,"featured_media":0,"parent":0,"menu_order":0,"comment_status":"closed","ping_status":"closed","template":"","meta":{"_acf_changed":false,"rank_math_lock_modified_date":false,"_monsterinsights_skip_tracking":false,"_monsterinsights_sitenote_active":false,"_monsterinsights_sitenote_note":"","_monsterinsights_sitenote_category":0,"footnotes":""},"class_list":["post-270","page","type-page","status-publish","hentry"],"acf":[],"_links":{"self":[{"href":"https:\/\/immediatepath.co\/it\/wp-json\/wp\/v2\/pages\/270","targetHints":{"allow":["GET"]}}],"collection":[{"href":"https:\/\/immediatepath.co\/it\/wp-json\/wp\/v2\/pages"}],"about":[{"href":"https:\/\/immediatepath.co\/it\/wp-json\/wp\/v2\/types\/page"}],"author":[{"embeddable":true,"href":"https:\/\/immediatepath.co\/it\/wp-json\/wp\/v2\/users\/1"}],"replies":[{"embeddable":true,"href":"https:\/\/immediatepath.co\/it\/wp-json\/wp\/v2\/comments?post=270"}],"version-history":[{"count":1,"href":"https:\/\/immediatepath.co\/it\/wp-json\/wp\/v2\/pages\/270\/revisions"}],"predecessor-version":[{"id":272,"href":"https:\/\/immediatepath.co\/it\/wp-json\/wp\/v2\/pages\/270\/revisions\/272"}],"wp:attachment":[{"href":"https:\/\/immediatepath.co\/it\/wp-json\/wp\/v2\/media?parent=270"}],"curies":[{"name":"wp","href":"https:\/\/api.w.org\/{rel}","templated":true}]}}