{"id":269,"date":"2024-08-22T13:47:06","date_gmt":"2024-08-22T13:47:06","guid":{"rendered":"https:\/\/immediatepath.co\/ueber-uns\/"},"modified":"2024-09-13T18:40:49","modified_gmt":"2024-09-13T18:40:49","slug":"ueber-uns","status":"publish","type":"page","link":"https:\/\/immediatepath.co\/gsw\/ueber-uns\/","title":{"rendered":"\u00dcber uns"},"content":{"rendered":"\n<div class=\"about-hero wf-section\">\n    <div class=\"container w-container\">\n      <h1 class=\"page-title\">\u00dcber Immediate Path<\/h1>\n    <\/div>\n  <\/div>\n  <div class=\"what-is w-clearfix wf-section\">\n    <div class=\"what-is-image-wrapper\"><img decoding=\"async\" src=\"https:\/\/immediatepath.co\/wp-content\/uploads\/2024\/08\/what-is-img.webp\" alt=\"Unmittelbarer Weg - Was ist der unmittelbare Weg?\" class=\"what-is-image\"\/><\/div>\n    <div class=\"container w-container\">\n      <h2 class=\"what-is-title\">Was ist der Unmittelbare Weg?<\/h2>\n      <div class=\"what-is-text\">Seit der Einf\u00fchrung von Bitcoin und anderen Kryptow\u00e4hrungen auf den Finanzm\u00e4rkten hat diese revolution\u00e4re neue Anlageklasse ein exponentielles Wachstum erlebt.\nDies hat dazu gef\u00fchrt, dass viele fr\u00fche Investoren extrem wohlhabend geworden sind.\nSeit Bitcoin Anfang 2009 der \u00d6ffentlichkeit zug\u00e4nglich gemacht wurde, hat Bitcoin ein atemberaubendes Rekordhoch von 20.000 $ erreicht.\nIm Jahr 2017 ist der Wert von Bitcoin um 958,32% gestiegen und hat damit den Wertzuwachs von Aktien im selben Zeitraum in den Schatten gestellt.   <br\/>\n<br\/>  Gl\u00fccklicherweise wird mit der kontinuierlichen Aufnahme von Bitcoin und anderen Kryptow\u00e4hrungen in das Mainstream-Finanzsystem die Nachfrage nach Kryptow\u00e4hrungen steigen, was zu h\u00f6heren Werten f\u00fchren wird.\nDaher gibt es immer noch reichlich Gelegenheit, mit Investitionen in die Kryptow\u00e4hrungsm\u00e4rkte massive Gewinne zu erzielen.\nDie bahnbrechende Handelssoftware von Immediate Path ist ein effektiver und sicherer Weg, um von dieser riesigen Chance zu profitieren.  <br\/>\n<br\/>  Immediate Path bietet Ihnen die M\u00f6glichkeit, aus mehr als 100 Verm\u00f6genswerten zu w\u00e4hlen, mit denen Sie mithilfe des fortschrittlichen Algorithmus der Software handeln k\u00f6nnen.\nUnsere automatischen Handelssignale haben branchenweit Anerkennung gefunden und wurden sogar von der US Trading Association als beste Handelssoftware ausgezeichnet. <br\/>\n<br\/>  Unser Kundendienstteam ist als eines der besten der Branche bekannt.\nUnsere Mitarbeiter sind professionell und mehr als bereit, L\u00f6sungen f\u00fcr alle Probleme zu finden, die Sie mit Immediate Path haben k\u00f6nnten. <br\/>\n<br\/>  Au\u00dferdem m\u00fcssen Sie mit unserer automatisierten Software nur sehr wenig Arbeit leisten, um mit der Immediate Path Software best\u00e4ndige Gewinne aus dem Handel mit Kryptow\u00e4hrungen zu erzielen.\nMit nur 2 Mausklicks k\u00f6nnen Sie die Anwendung in den automatisierten Modus versetzen.\nDas bedeutet, dass die Software damit beginnt, die M\u00e4rkte nach profitablen Handelsm\u00f6glichkeiten zu scannen, sobald diese auf den Kryptow\u00e4hrungsm\u00e4rkten entstehen.  <\/div>\n      <div class=\"what-is-text\"><\/div>\n      <div class=\"what-is-action_button-wrapper\">\n        <a href=\"#formTop\" class=\"button max-width-330\"><\/a><a href=\"#formTop\">HEUTE ANMELDEN<\/a>\n      <\/div>\n    <\/div>\n  <\/div>\n  <div class=\"who-we-are w-clearfix wf-section\">\n    <div class=\"who-we-are-image-wrapper\"><img decoding=\"async\" src=\"https:\/\/immediatepath.co\/wp-content\/uploads\/2024\/08\/who-we-are-img.webp\" alt=\"Immediate Path - Wer wir sind?\" class=\"who-we-are-image\"\/><\/div>\n    <div class=\"container w-container\">\n      <h2 class=\"who-we-are-title\">Wer wir sind?<\/h2>\n      <div class=\"who-we-are-text\">Das Team, das hinter der Immediate Path Software steht, besteht aus erfahrenen H\u00e4ndlern, die beschlossen haben, der \u00d6ffentlichkeit ein Handelssystem anzubieten, mit dem jeder beim Handel mit Bitcoin und anderen Kryptow\u00e4hrungen erfolgreich sein kann.\nJedes Mitglied des Teams hatte viele Jahre f\u00fcr andere Firmen gearbeitet und viele andere auf diesem Weg reich gemacht. <br\/>\n<br\/>  Das Team von Immediate Path lernte sich auf einer Finanzkonferenz kennen.\nWir stellten schnell fest, dass wir alle die gleichen Einschr\u00e4nkungen und Frustrationen bei unserer Arbeit mit anderen Firmen hatten.\nDeshalb beschlossen wir, die Dinge selbst in die Hand zu nehmen und unser Wissen und unsere Erfahrung zu b\u00fcndeln, um eine neue bahnbrechende Handelssoftware zu entwickeln.  <\/div>\n      <div class=\"who-we-are-action_button-wrapper\">\n        <a href=\"#formTop\" class=\"button max-width-330\"><\/a><a href=\"#formTop\">FANGEN SIE JETZT AN, GELD ZU VERDIENEN<\/a>\n      <\/div>\n    <\/div>\n  <\/div>\n  <div class=\"bg-layer-1\"><\/div>\n\n\n<footer class=\"footer wf-section\">\n    <div class=\"container footer-container w-container\">\n      <a href=\"\/\" class=\"footer-logo-link w-inline-block\"><img decoding=\"async\" src=\"https:\/\/immediatepath.co\/wp-content\/uploads\/2024\/09\/logo-path-footer.png\" alt=\"Immediate Path - Automatisierter Handel\" class=\"footer-logo\"\/><\/a>\n      <div class=\"stretch-block in-footer\"><\/div>\n      <a href=\"https:\/\/immediatepath.co\/gsw\/ueber-uns\/\" class=\"footer-link\"><\/a><a href=\"https:\/\/immediatepath.co\/gsw\/ueber-uns\/\">\u00dcber uns<\/a>\n      <a href=\"https:\/\/immediatepath.co\/policy\/\" class=\"footer-link\"><\/a><a href=\"https:\/\/immediatepath.co\/policy\/\">Datenschutzbestimmungen<\/a>\n      <a href=\"https:\/\/immediatepath.co\/terms\/\" class=\"footer-link\"><\/a><a href=\"https:\/\/immediatepath.co\/terms\/\">Bedingungen und Konditionen<\/a>\n      <a href=\"https:\/\/immediatepath.co\/gsw\/kontaktieren-sie-uns\/\" class=\"footer-link\"><\/a><a href=\"https:\/\/immediatepath.co\/gsw\/kontaktieren-sie-uns\/\">Kontaktieren Sie uns<\/a>\n      <div class=\"copy-year\">2024<\/div>\n    <\/div>\n  <\/footer>\n","protected":false},"excerpt":{"rendered":"<p>\u00dcber Immediate Path Was ist der Unmittelbare Weg? Seit der Einf\u00fchrung von Bitcoin und anderen&hellip;<\/p>\n","protected":false},"author":1,"featured_media":0,"parent":0,"menu_order":0,"comment_status":"closed","ping_status":"closed","template":"","meta":{"_acf_changed":false,"rank_math_lock_modified_date":false,"_monsterinsights_skip_tracking":false,"_monsterinsights_sitenote_active":false,"_monsterinsights_sitenote_note":"","_monsterinsights_sitenote_category":0,"footnotes":""},"class_list":["post-269","page","type-page","status-publish","hentry"],"acf":[],"_links":{"self":[{"href":"https:\/\/immediatepath.co\/gsw\/wp-json\/wp\/v2\/pages\/269","targetHints":{"allow":["GET"]}}],"collection":[{"href":"https:\/\/immediatepath.co\/gsw\/wp-json\/wp\/v2\/pages"}],"about":[{"href":"https:\/\/immediatepath.co\/gsw\/wp-json\/wp\/v2\/types\/page"}],"author":[{"embeddable":true,"href":"https:\/\/immediatepath.co\/gsw\/wp-json\/wp\/v2\/users\/1"}],"replies":[{"embeddable":true,"href":"https:\/\/immediatepath.co\/gsw\/wp-json\/wp\/v2\/comments?post=269"}],"version-history":[{"count":1,"href":"https:\/\/immediatepath.co\/gsw\/wp-json\/wp\/v2\/pages\/269\/revisions"}],"predecessor-version":[{"id":271,"href":"https:\/\/immediatepath.co\/gsw\/wp-json\/wp\/v2\/pages\/269\/revisions\/271"}],"wp:attachment":[{"href":"https:\/\/immediatepath.co\/gsw\/wp-json\/wp\/v2\/media?parent=269"}],"curies":[{"name":"wp","href":"https:\/\/api.w.org\/{rel}","templated":true}]}}