{"id":274,"date":"2024-08-22T13:47:06","date_gmt":"2024-08-22T13:47:06","guid":{"rendered":"https:\/\/immediatepath.co\/a-propos-de-nous\/"},"modified":"2024-09-13T18:40:48","modified_gmt":"2024-09-13T18:40:48","slug":"a-propos-de-nous","status":"publish","type":"page","link":"https:\/\/immediatepath.co\/fr\/a-propos-de-nous\/","title":{"rendered":"A propos de nous"},"content":{"rendered":"\n<div class=\"about-hero wf-section\">\n    <div class=\"container w-container\">\n      <h1 class=\"page-title\">\u00c0 propos d&rsquo;Immediate Path<\/h1>\n    <\/div>\n  <\/div>\n  <div class=\"what-is w-clearfix wf-section\">\n    <div class=\"what-is-image-wrapper\"><img decoding=\"async\" src=\"https:\/\/immediatepath.co\/wp-content\/uploads\/2024\/08\/what-is-img.webp\" alt=\"Voie imm\u00e9diate - Qu'est-ce que la voie imm\u00e9diate ?\" class=\"what-is-image\"\/><\/div>\n    <div class=\"container w-container\">\n      <h2 class=\"what-is-title\">Qu&rsquo;est-ce que la voie imm\u00e9diate ?<\/h2>\n      <div class=\"what-is-text\">Depuis l&rsquo;introduction du bitcoin et d&rsquo;autres crypto-monnaies sur les march\u00e9s financiers, cette nouvelle classe d&rsquo;actifs r\u00e9volutionnaire a connu une croissance exponentielle.\nDe nombreux investisseurs de la premi\u00e8re heure sont ainsi devenus extr\u00eamement riches.\nDepuis que le bitcoin a \u00e9t\u00e9 rendu public au d\u00e9but de l&rsquo;ann\u00e9e 2009, il a atteint un niveau record de 20 000 dollars.\nAu cours de l&rsquo;ann\u00e9e 2017, la valeur du bitcoin s&rsquo;est appr\u00e9ci\u00e9e de 958,32 %, \u00e9clipsant l&rsquo;appr\u00e9ciation des actions au cours de la m\u00eame p\u00e9riode.   <br\/>\n<br\/>  Heureusement, avec l&rsquo;adoption continue du bitcoin et d&rsquo;autres crypto-monnaies dans le syst\u00e8me financier g\u00e9n\u00e9ral, la demande de crypto-monnaies augmentera, ce qui se traduira par des valeurs plus \u00e9lev\u00e9es.\nPar cons\u00e9quent, il existe encore de nombreuses possibilit\u00e9s de r\u00e9aliser des profits consid\u00e9rables en investissant sur les march\u00e9s des crypto-monnaies.\nLe logiciel de trading r\u00e9volutionnaire d&rsquo;Immediate Path est un moyen efficace et s\u00fbr de profiter de cette \u00e9norme opportunit\u00e9.  <br\/>\n<br\/>  Immediate Path vous donne la possibilit\u00e9 de choisir parmi plus de 100 actifs \u00e0 n\u00e9gocier \u00e0 l&rsquo;aide de l&rsquo;algorithme avanc\u00e9 du logiciel.\nNos signaux de trading automatis\u00e9s ont \u00e9t\u00e9 pl\u00e9biscit\u00e9s par l&rsquo;ensemble du secteur et ont m\u00eame \u00e9t\u00e9 r\u00e9compens\u00e9s par l&rsquo;US Trading Association, qui leur a d\u00e9cern\u00e9 le prix du meilleur logiciel de trading. <br\/>\n<br\/>  Notre \u00e9quipe de service \u00e0 la client\u00e8le est reconnue comme l&rsquo;une des meilleures de l&rsquo;industrie.\nNos repr\u00e9sentants sont professionnels et sont pr\u00eats \u00e0 trouver des solutions \u00e0 tous les probl\u00e8mes que vous pourriez rencontrer avec Immediate Path. <br\/>\n<br\/>  De plus, avec notre logiciel automatis\u00e9, vous n&rsquo;aurez que tr\u00e8s peu de travail \u00e0 faire pour obtenir des profits constants en n\u00e9gociant les march\u00e9s des crypto-monnaies avec le logiciel Immediate Path.\nEn deux clics de souris, vous pouvez mettre l&rsquo;application en mode automatique.\nCela signifie que le logiciel commencera \u00e0 analyser les march\u00e9s \u00e0 la recherche d&rsquo;opportunit\u00e9s de transactions rentables lorsqu&rsquo;elles se pr\u00e9senteront sur les march\u00e9s des crypto-monnaies.  <\/div>\n      <div class=\"what-is-text\"><\/div>\n      <div class=\"what-is-action_button-wrapper\">\n        <a href=\"#formTop\" class=\"button max-width-330\"><\/a><a href=\"#formTop\">INSCRIVEZ-VOUS D\u00c8S AUJOURD&rsquo;HUI<\/a>\n      <\/div>\n    <\/div>\n  <\/div>\n  <div class=\"who-we-are w-clearfix wf-section\">\n    <div class=\"who-we-are-image-wrapper\"><img decoding=\"async\" src=\"https:\/\/immediatepath.co\/wp-content\/uploads\/2024\/08\/who-we-are-img.webp\" alt=\"Immediate Path - Qui sommes-nous ?\" class=\"who-we-are-image\"\/><\/div>\n    <div class=\"container w-container\">\n      <h2 class=\"who-we-are-title\">Qui sommes-nous ?<\/h2>\n      <div class=\"who-we-are-text\">L&rsquo;\u00e9quipe derri\u00e8re le logiciel Immediate Path est compos\u00e9e de traders experts qui ont d\u00e9cid\u00e9 d&rsquo;offrir au public un syst\u00e8me de trading qui permettrait \u00e0 n&rsquo;importe qui de trouver le succ\u00e8s dans le trading de Bitcoin et d&rsquo;autres crypto-monnaies.\nChaque membre de l&rsquo;\u00e9quipe a travaill\u00e9 de nombreuses ann\u00e9es pour d&rsquo;autres entreprises, faisant de nombreuses autres personnes assez riches en cours de route. <br\/>\n<br\/>  Les membres de l&rsquo;\u00e9quipe d&rsquo;Immediate Path se sont rencontr\u00e9s lors d&rsquo;une conf\u00e9rence sur la finance.\nNous avons rapidement r\u00e9alis\u00e9 que nous partagions les m\u00eames limites et frustrations dans notre travail avec d&rsquo;autres entreprises.\nC&rsquo;est pourquoi nous avons d\u00e9cid\u00e9 de prendre les choses en main et de combiner nos connaissances et notre exp\u00e9rience afin de cr\u00e9er un nouveau logiciel de trading r\u00e9volutionnaire.  <\/div>\n      <div class=\"who-we-are-action_button-wrapper\">\n        <a href=\"#formTop\" class=\"button max-width-330\"><\/a><a href=\"#formTop\">COMMENCEZ \u00c0 GAGNER DE L&rsquo;ARGENT MAINTENANT<\/a>\n      <\/div>\n    <\/div>\n  <\/div>\n  <div class=\"bg-layer-1\"><\/div>\n\n\n<footer class=\"footer wf-section\">\n    <div class=\"container footer-container w-container\">\n      <a href=\"\/\" class=\"footer-logo-link w-inline-block\"><img decoding=\"async\" src=\"https:\/\/immediatepath.co\/wp-content\/uploads\/2024\/09\/logo-path-footer.png\" alt=\"Voie imm\u00e9diate - N\u00e9gociation automatis\u00e9e\" class=\"footer-logo\"\/><\/a>\n      <div class=\"stretch-block in-footer\"><\/div>\n      <a href=\"https:\/\/immediatepath.co\/fr\/a-propos-de-nous\/\" class=\"footer-link\"><\/a><a href=\"https:\/\/immediatepath.co\/fr\/a-propos-de-nous\/\">A propos de nous<\/a>\n      <a href=\"https:\/\/immediatepath.co\/policy\/\" class=\"footer-link\"><\/a><a href=\"https:\/\/immediatepath.co\/policy\/\">Politique de confidentialit\u00e9<\/a>\n      <a href=\"https:\/\/immediatepath.co\/terms\/\" class=\"footer-link\"><\/a><a href=\"https:\/\/immediatepath.co\/terms\/\">Conditions g\u00e9n\u00e9rales d&rsquo;utilisation<\/a>\n      <a href=\"https:\/\/immediatepath.co\/fr\/contactez-nous\/\" class=\"footer-link\"><\/a><a href=\"https:\/\/immediatepath.co\/fr\/contactez-nous\/\">Contactez nous<\/a>\n      <div class=\"copy-year\">2024<\/div>\n    <\/div>\n  <\/footer>\n","protected":false},"excerpt":{"rendered":"<p>\u00c0 propos d&rsquo;Immediate Path Qu&rsquo;est-ce que la voie imm\u00e9diate ? Depuis l&rsquo;introduction du bitcoin et&hellip;<\/p>\n","protected":false},"author":1,"featured_media":0,"parent":0,"menu_order":0,"comment_status":"closed","ping_status":"closed","template":"","meta":{"_acf_changed":false,"rank_math_lock_modified_date":false,"_monsterinsights_skip_tracking":false,"_monsterinsights_sitenote_active":false,"_monsterinsights_sitenote_note":"","_monsterinsights_sitenote_category":0,"footnotes":""},"class_list":["post-274","page","type-page","status-publish","hentry"],"acf":[],"_links":{"self":[{"href":"https:\/\/immediatepath.co\/fr\/wp-json\/wp\/v2\/pages\/274","targetHints":{"allow":["GET"]}}],"collection":[{"href":"https:\/\/immediatepath.co\/fr\/wp-json\/wp\/v2\/pages"}],"about":[{"href":"https:\/\/immediatepath.co\/fr\/wp-json\/wp\/v2\/types\/page"}],"author":[{"embeddable":true,"href":"https:\/\/immediatepath.co\/fr\/wp-json\/wp\/v2\/users\/1"}],"replies":[{"embeddable":true,"href":"https:\/\/immediatepath.co\/fr\/wp-json\/wp\/v2\/comments?post=274"}],"version-history":[{"count":1,"href":"https:\/\/immediatepath.co\/fr\/wp-json\/wp\/v2\/pages\/274\/revisions"}],"predecessor-version":[{"id":276,"href":"https:\/\/immediatepath.co\/fr\/wp-json\/wp\/v2\/pages\/274\/revisions\/276"}],"wp:attachment":[{"href":"https:\/\/immediatepath.co\/fr\/wp-json\/wp\/v2\/media?parent=274"}],"curies":[{"name":"wp","href":"https:\/\/api.w.org\/{rel}","templated":true}]}}