{"id":277,"date":"2024-08-22T13:47:06","date_gmt":"2024-08-22T13:47:06","guid":{"rendered":"https:\/\/immediatepath.co\/sobre-nosotros\/"},"modified":"2024-09-13T18:40:49","modified_gmt":"2024-09-13T18:40:49","slug":"sobre-nosotros","status":"publish","type":"page","link":"https:\/\/immediatepath.co\/es\/sobre-nosotros\/","title":{"rendered":"Sobre nosotros"},"content":{"rendered":"\n<div class=\"about-hero wf-section\">\n    <div class=\"container w-container\">\n      <h1 class=\"page-title\">Acerca de Immediate Path<\/h1>\n    <\/div>\n  <\/div>\n  <div class=\"what-is w-clearfix wf-section\">\n    <div class=\"what-is-image-wrapper\"><img decoding=\"async\" src=\"https:\/\/immediatepath.co\/wp-content\/uploads\/2024\/08\/what-is-img.webp\" alt=\"Trayectoria Inmediata - \u00bfQu\u00e9 es la Trayectoria Inmediata?\" class=\"what-is-image\"\/><\/div>\n    <div class=\"container w-container\">\n      <h2 class=\"what-is-title\">\u00bfQu\u00e9 es el Camino Inmediato?<\/h2>\n      <div class=\"what-is-text\">Desde la introducci\u00f3n del Bitcoin y otras criptomonedas en los mercados financieros, esta nueva y revolucionaria clase de activos ha experimentado un crecimiento exponencial.\nEsto ha hecho que muchos de los primeros inversores se hayan hecho extremadamente ricos.\nDesde que Bitcoin se dio a conocer al p\u00fablico a principios de 2009, hemos visto c\u00f3mo alcanzaba la impresionante cifra r\u00e9cord de 20.000 $.\nDurante el a\u00f1o 2017, el valor de Bitcoin se revaloriz\u00f3 un 958,32%, eclipsando la revalorizaci\u00f3n de las acciones durante el mismo periodo.   <br\/>\n<br\/>  Afortunadamente, con la continua adopci\u00f3n de Bitcoin y otras criptomonedas en el sistema financiero general, la demanda de criptomonedas aumentar\u00e1, lo que se traducir\u00e1 en valores m\u00e1s altos.\nPor lo tanto, todav\u00eda hay muchas oportunidades de obtener grandes beneficios invirtiendo en los mercados de criptomonedas.\nEl innovador software de inversi\u00f3n de Immediate Path es una forma eficaz y segura de aprovechar esta gran oportunidad.  <br\/>\n<br\/>  Immediate Path te da la opci\u00f3n de elegir entre m\u00e1s de 100 activos con los que operar utilizando el algoritmo avanzado del software.\nNuestras se\u00f1ales de trading automatizadas han sido aclamadas en todo el sector e incluso han recibido un premio al mejor software de trading de la Asociaci\u00f3n de Trading de EE.UU. <br\/>\n<br\/>  Nuestro equipo de atenci\u00f3n al cliente es conocido como uno de los mejores del sector.\nNuestros representantes son profesionales y est\u00e1n m\u00e1s que dispuestos a encontrar soluciones a cualquier problema que puedas experimentar con Immediate Path. <br\/>\n<br\/>  Adem\u00e1s, con nuestro software automatizado tendr\u00e1s que hacer muy poco trabajo para obtener beneficios constantes operando en los mercados de criptomonedas con el software Immediate Path.\nCon s\u00f3lo 2 clics del rat\u00f3n puedes poner la aplicaci\u00f3n en modo automatizado.\nEsto significa que el software empezar\u00e1 a escanear los mercados en busca de oportunidades rentables para operar cuando surjan en los mercados de criptomonedas.  <\/div>\n      <div class=\"what-is-text\"><\/div>\n      <div class=\"what-is-action_button-wrapper\">\n        <a href=\"#formTop\" class=\"button max-width-330\"><\/a><a href=\"#formTop\">INSCR\u00cdBETE HOY<\/a>\n      <\/div>\n    <\/div>\n  <\/div>\n  <div class=\"who-we-are w-clearfix wf-section\">\n    <div class=\"who-we-are-image-wrapper\"><img decoding=\"async\" src=\"https:\/\/immediatepath.co\/wp-content\/uploads\/2024\/08\/who-we-are-img.webp\" alt=\"Immediate Path - \u00bfQui\u00e9nes somos?\" class=\"who-we-are-image\"\/><\/div>\n    <div class=\"container w-container\">\n      <h2 class=\"who-we-are-title\">\u00bfQui\u00e9nes somos?<\/h2>\n      <div class=\"who-we-are-text\">El equipo que hay detr\u00e1s del software Immediate Path est\u00e1 formado por operadores expertos que decidieron ofrecer al p\u00fablico un sistema de trading que permitiera a cualquiera encontrar el \u00e9xito en el trading con Bitcoin y otras criptodivisas.\nCada uno de los miembros del equipo hab\u00eda trabajado muchos a\u00f1os para otras empresas, haciendo a muchos otros bastante ricos por el camino. <br\/>\n<br\/>  El equipo de Immediate Path se conoci\u00f3 mientras asist\u00eda a una conferencia sobre finanzas.\nR\u00e1pidamente nos dimos cuenta de que todos compart\u00edamos las mismas limitaciones y frustraciones en nuestro trabajo con otras empresas.\nPor eso decidimos tomar cartas en el asunto y combinar nuestros conocimientos y experiencia para crear un nuevo software de negociaci\u00f3n innovador.  <\/div>\n      <div class=\"who-we-are-action_button-wrapper\">\n        <a href=\"#formTop\" class=\"button max-width-330\"><\/a><a href=\"#formTop\">EMPIEZA A GANAR DINERO AHORA<\/a>\n      <\/div>\n    <\/div>\n  <\/div>\n  <div class=\"bg-layer-1\"><\/div>\n\n\n<footer class=\"footer wf-section\">\n    <div class=\"container footer-container w-container\">\n      <a href=\"\/\" class=\"footer-logo-link w-inline-block\"><img decoding=\"async\" src=\"https:\/\/immediatepath.co\/wp-content\/uploads\/2024\/09\/logo-path-footer.png\" alt=\"Trayectoria inmediata - Negociaci\u00f3n automatizada\" class=\"footer-logo\"\/><\/a>\n      <div class=\"stretch-block in-footer\"><\/div>\n      <a href=\"https:\/\/immediatepath.co\/es\/sobre-nosotros\/\" class=\"footer-link\"><\/a><a href=\"https:\/\/immediatepath.co\/es\/sobre-nosotros\/\">Sobre nosotros<\/a>\n      <a href=\"https:\/\/immediatepath.co\/policy\/\" class=\"footer-link\"><\/a><a href=\"https:\/\/immediatepath.co\/policy\/\">Pol\u00edtica de privacidad<\/a>\n      <a href=\"https:\/\/immediatepath.co\/terms\/\" class=\"footer-link\"><\/a><a href=\"https:\/\/immediatepath.co\/terms\/\">T\u00e9rminos y condiciones<\/a>\n      <a href=\"https:\/\/immediatepath.co\/es\/contacta-con-nosotros\/\" class=\"footer-link\"><\/a><a href=\"https:\/\/immediatepath.co\/es\/contacta-con-nosotros\/\">Contacta con nosotros<\/a>\n      <div class=\"copy-year\">2024<\/div>\n    <\/div>\n  <\/footer>\n","protected":false},"excerpt":{"rendered":"<p>Acerca de Immediate Path \u00bfQu\u00e9 es el Camino Inmediato? Desde la introducci\u00f3n del Bitcoin y&hellip;<\/p>\n","protected":false},"author":1,"featured_media":0,"parent":0,"menu_order":0,"comment_status":"closed","ping_status":"closed","template":"","meta":{"_acf_changed":false,"rank_math_lock_modified_date":false,"_monsterinsights_skip_tracking":false,"_monsterinsights_sitenote_active":false,"_monsterinsights_sitenote_note":"","_monsterinsights_sitenote_category":0,"footnotes":""},"class_list":["post-277","page","type-page","status-publish","hentry"],"acf":[],"_links":{"self":[{"href":"https:\/\/immediatepath.co\/es\/wp-json\/wp\/v2\/pages\/277","targetHints":{"allow":["GET"]}}],"collection":[{"href":"https:\/\/immediatepath.co\/es\/wp-json\/wp\/v2\/pages"}],"about":[{"href":"https:\/\/immediatepath.co\/es\/wp-json\/wp\/v2\/types\/page"}],"author":[{"embeddable":true,"href":"https:\/\/immediatepath.co\/es\/wp-json\/wp\/v2\/users\/1"}],"replies":[{"embeddable":true,"href":"https:\/\/immediatepath.co\/es\/wp-json\/wp\/v2\/comments?post=277"}],"version-history":[{"count":1,"href":"https:\/\/immediatepath.co\/es\/wp-json\/wp\/v2\/pages\/277\/revisions"}],"predecessor-version":[{"id":279,"href":"https:\/\/immediatepath.co\/es\/wp-json\/wp\/v2\/pages\/277\/revisions\/279"}],"wp:attachment":[{"href":"https:\/\/immediatepath.co\/es\/wp-json\/wp\/v2\/media?parent=277"}],"curies":[{"name":"wp","href":"https:\/\/api.w.org\/{rel}","templated":true}]}}